{"id":40,"date":"2021-07-17T10:39:31","date_gmt":"2021-07-17T10:39:31","guid":{"rendered":"https:\/\/demo.athemes.com\/botiga\/?post_type=product&#038;p=40"},"modified":"2024-09-13T15:45:07","modified_gmt":"2024-09-13T13:45:07","slug":"huile-de-pepins-de-courge","status":"publish","type":"product","link":"https:\/\/tvh.com.tn\/index.php\/produit\/huile-de-pepins-de-courge\/","title":{"rendered":"Huile de p\u00e9pins de courge"},"content":{"rendered":"<p>Huile issue par l\u2019extraction \u00e0 premi\u00e8re pression a froid, de couleur rouge qui<br \/>\ntend vers le sombre, connu pour ces multiples application th\u00e9rapeutique et<br \/>\ncosm\u00e9tique.<br \/>\nSa composition organique\u00a0:<br \/>\nComposition en acides gras :<br \/>\nL&rsquo;huile v\u00e9g\u00e9tale de p\u00e9pins de courge est connue pour \u00eatre riche en prot\u00e9ines,<br \/>\nen zinc, en min\u00e9raux, en om\u00e9ga 3 et en acides gras polyinsatur\u00e9s.<\/p>\n<ul>\n<li>\u00a0Acides gras polyinsatur\u00e9s : 47-55% acide linol\u00e9ique (om\u00e9ga-6)<\/li>\n<li>Acides gras mono insatur\u00e9s : 25-19% acide ol\u00e9ique (om\u00e9ga-9)<\/li>\n<li>\u00a0Acides gras satur\u00e9s : 13% acide palmitique et 8% acide st\u00e9arique<\/li>\n<\/ul>\n<p>Autres constituants actifs :<\/p>\n<ul>\n<li>Insaponifiables : phytost\u00e9rols<\/li>\n<li>Carot\u00e9no\u00efdes : b\u00eata-carot\u00e8ne, lut\u00e9ine<\/li>\n<li>Vitamines : vitamine E<\/li>\n<li>Oligo-\u00e9l\u00e9ments et min\u00e9raux : zinc<\/li>\n<\/ul>\n<p>Bien faits :<\/p>\n<ul>\n<li>Nourrissante : L&rsquo;huile v\u00e9g\u00e9tale de p\u00e9pins de courge est r\u00e9put\u00e9e<br \/>\npour nourrir et hydrater la peau et les cheveux<\/li>\n<li>Cicatrisante<\/li>\n<li>Anti-\u00e2ge : l&rsquo;huile de P\u00e9pins de Courge est riche en acides gras essentiels,<\/li>\n<\/ul>\n<p>des \u00e9l\u00e9ments qui conf\u00e8rent souplesse et \u00e9lasticit\u00e9 \u00e0 la peau. De plus,<br \/>\ncette huile v\u00e9g\u00e9tale contient de la vitamine E, un antioxydant naturel.<\/p>\n<ul>\n<li>Fortifie les cheveux<\/li>\n<li>dans les soins capillaires pour nourrir les cheveux : Par son action s\u00e9bo-<br \/>\nr\u00e9gulatrice, elle d\u00e9sincruste les pores, se d\u00e9barrasse des exc\u00e8s de s\u00e9bum<br \/>\net rafra\u00eechit le cuir chevelu.\u00a0Elle ralentit alors les chutes et encourage la<br \/>\npouss\u00e9e.<\/li>\n<li>l&rsquo;huile de p\u00e9pin de courge est utilis\u00e9e avec succ\u00e8s dans l&rsquo;hypertrophie<br \/>\nb\u00e9nigne de la prostat, par les st\u00e9rols qui inhibent la croissance du tissu<br \/>\nprostatique<\/li>\n<li>\u00a0la r\u00e9gulation des processus inflammatoires gr\u00e2ce \u00e0 sa richesse en acide<br \/>\nlinol\u00e9ique<\/li>\n<li>L&rsquo;huile de p\u00e9pins de courge est \u00e9galement efficace en pr\u00e9vention de la<br \/>\ncarie dentaire et de la d\u00e9calcification car elle stimule l&amp;#39;ost\u00e9ogen\u00e8se ou<br \/>\ncalcification osseuse.<\/li>\n<li>\u00a0Protectrice du syst\u00e8me cardiovasculaire et hypocholest\u00e9rol\u00e9miante :<br \/>\nl\u2019huile v\u00e9g\u00e9tale de P\u00e9pins de Courge est une huile particuli\u00e8rement riche<br \/>\nen om\u00e9ga 6,<\/li>\n<\/ul>\n<p>Application<\/p>\n<ul>\n<li>Cheveux secs, ab\u00eem\u00e9s, cassants<\/li>\n<li>Cheveux ternes, mous, fatigu\u00e9s<\/li>\n<li>\u00a0Chute de cheveux, alop\u00e9cie<\/li>\n<li>\u00a0Peau fatigu\u00e9e, terne<\/li>\n<li>\u00a0Peau s\u00e8che, tiraill\u00e9e, ab\u00eem\u00e9e<\/li>\n<li>L\u00e8vres gerc\u00e9es<\/li>\n<li>Rides et ridules<\/li>\n<li>\u00a0Plaies, cicatrices<\/li>\n<li>\u00a0Ecz\u00e9ma<\/li>\n<li>Aphtes<\/li>\n<\/ul>\n","protected":false},"excerpt":{"rendered":"<p>Huile issue par l\u2019extraction \u00e0 premi\u00e8re pression a froid, de couleur rouge qui tend vers le sombre, connu pour ces multiples application th\u00e9rapeutique et cosm\u00e9tique. Sa composition organique\u00a0: Composition en [&hellip;]<\/p>\n","protected":false},"featured_media":506,"template":"","meta":[],"product_cat":[17],"product_tag":[],"class_list":{"0":"post-40","1":"product","2":"type-product","3":"status-publish","4":"has-post-thumbnail","6":"product_cat-cosmetics","8":"first","9":"instock","10":"shipping-taxable","11":"purchasable","12":"product-type-variable"},"_links":{"self":[{"href":"https:\/\/tvh.com.tn\/index.php\/wp-json\/wp\/v2\/product\/40","targetHints":{"allow":["GET"]}}],"collection":[{"href":"https:\/\/tvh.com.tn\/index.php\/wp-json\/wp\/v2\/product"}],"about":[{"href":"https:\/\/tvh.com.tn\/index.php\/wp-json\/wp\/v2\/types\/product"}],"wp:featuredmedia":[{"embeddable":true,"href":"https:\/\/tvh.com.tn\/index.php\/wp-json\/wp\/v2\/media\/506"}],"wp:attachment":[{"href":"https:\/\/tvh.com.tn\/index.php\/wp-json\/wp\/v2\/media?parent=40"}],"wp:term":[{"taxonomy":"product_cat","embeddable":true,"href":"https:\/\/tvh.com.tn\/index.php\/wp-json\/wp\/v2\/product_cat?post=40"},{"taxonomy":"product_tag","embeddable":true,"href":"https:\/\/tvh.com.tn\/index.php\/wp-json\/wp\/v2\/product_tag?post=40"}],"curies":[{"name":"wp","href":"https:\/\/api.w.org\/{rel}","templated":true}]}}