{"id":42,"date":"2021-07-17T10:42:05","date_gmt":"2021-07-17T10:42:05","guid":{"rendered":"https:\/\/demo.athemes.com\/botiga\/?post_type=product&#038;p=42"},"modified":"2024-09-13T15:44:50","modified_gmt":"2024-09-13T13:44:50","slug":"huile-de-fenugrec","status":"publish","type":"product","link":"https:\/\/tvh.com.tn\/index.php\/produit\/huile-de-fenugrec\/","title":{"rendered":"huile de fenugrec"},"content":{"rendered":"<p>L\u2019huile de fenugrec est issue de la premi\u00e8re pression \u00e0 froid. Elle a plusieurs<br \/>\nbien faits cosm\u00e9tiques dont\u00a0:<\/p>\n<ul>\n<li>\u00a0L&rsquo;huile de fenugrec assainit le cuir chevelu, lutte contre la chute des<br \/>\ncheveux et favorise leur pouss\u00e9e.<\/li>\n<li>Aide \u00e0 prendre ou \u00e0 perdre du poids selon le r\u00e9gime suivi<\/li>\n<li>\u00a0r\u00e9duit le cholest\u00e9rol<\/li>\n<li>\u00a0stimule naturellement les hormones sexuelles : c\u2019est une graine enrichie<br \/>\nen phyto \u0153strog\u00e8ne (une hormone v\u00e9g\u00e9tale) qui stimule la synth\u00e8se des<br \/>\nhormones sexuelles des femmes : les estrog\u00e8nes (estradiol, estrone et<br \/>\nestriol) et la progest\u00e9rone.<\/li>\n<li>augmente le volume de la poitrine chez les femmes \u00e0 travers<br \/>\nl\u2019augmentation \u00a0du taux d\u2019\u0153strog\u00e8ne<\/li>\n<li>\u00a0augmenter la taille des hanches chez les femmes<\/li>\n<\/ul>\n","protected":false},"excerpt":{"rendered":"<ul>\n<li>\u00a0L&rsquo;huile de fenugrec assainit le cuir chevelu, lutte contre la chute des<br \/>\ncheveux et favorise leur pouss\u00e9e.<\/li>\n<\/ul>\n","protected":false},"featured_media":504,"template":"","meta":[],"product_cat":[17],"product_tag":[],"class_list":{"0":"post-42","1":"product","2":"type-product","3":"status-publish","4":"has-post-thumbnail","6":"product_cat-cosmetics","8":"first","9":"instock","10":"shipping-taxable","11":"purchasable","12":"product-type-variable"},"_links":{"self":[{"href":"https:\/\/tvh.com.tn\/index.php\/wp-json\/wp\/v2\/product\/42","targetHints":{"allow":["GET"]}}],"collection":[{"href":"https:\/\/tvh.com.tn\/index.php\/wp-json\/wp\/v2\/product"}],"about":[{"href":"https:\/\/tvh.com.tn\/index.php\/wp-json\/wp\/v2\/types\/product"}],"wp:featuredmedia":[{"embeddable":true,"href":"https:\/\/tvh.com.tn\/index.php\/wp-json\/wp\/v2\/media\/504"}],"wp:attachment":[{"href":"https:\/\/tvh.com.tn\/index.php\/wp-json\/wp\/v2\/media?parent=42"}],"wp:term":[{"taxonomy":"product_cat","embeddable":true,"href":"https:\/\/tvh.com.tn\/index.php\/wp-json\/wp\/v2\/product_cat?post=42"},{"taxonomy":"product_tag","embeddable":true,"href":"https:\/\/tvh.com.tn\/index.php\/wp-json\/wp\/v2\/product_tag?post=42"}],"curies":[{"name":"wp","href":"https:\/\/api.w.org\/{rel}","templated":true}]}}