{"id":511,"date":"2024-09-09T17:06:28","date_gmt":"2024-09-09T15:06:28","guid":{"rendered":"https:\/\/tvh.com.tn\/?post_type=product&#038;p=511"},"modified":"2024-09-13T13:32:44","modified_gmt":"2024-09-13T11:32:44","slug":"huile-de-pepins-de-raisin","status":"publish","type":"product","link":"https:\/\/tvh.com.tn\/index.php\/produit\/huile-de-pepins-de-raisin\/","title":{"rendered":"Huile de p\u00e9pins de raisin"},"content":{"rendered":"<p>L&rsquo;huile de p\u00e9pins de raisin de couleur verte qui tend au jaune ! Extraite<br \/>\n(comme son nom l&rsquo;indique) par pression \u00e0 froid des p\u00e9pins de raisin, elle est<br \/>\nriche en acides gras essentiels, dont des om\u00e9gas 6 et 9. Sa teneur \u00e9lev\u00e9e en<br \/>\npolyph\u00e9nols, et donc en vitamine E\u00a0.C\u2019est en fait une huile hydratante et<br \/>\nprotectrice pour la peau, en plus de ses propri\u00e9t\u00e9s antioxydantes.<br \/>\nSa Composition en acides gras est la suivante :<\/p>\n<ul>\n<li>AG mono insatur\u00e9s : 13 \u00e0 24 % d&rsquo;acide ol\u00e9ique (Omega9)<br \/>\nAG poly insatur\u00e9s : 55 \u00e0 70% d&rsquo;acide linol\u00e9ique (Omega6)<br \/>\nAG satur\u00e9s\u00a0: 5 % \u00e0 7% d&amp;#39;acide palmitique, 2 \u00e0 3 % d&amp;#39;acide st\u00e9arique<br \/>\nL\u2019huile de p\u00e9pins de raisin a plusieurs Bienfaits en cosm\u00e9tique :<\/li>\n<li>Antioxydante : Gr\u00e2ce \u00e0 sa teneur en antioxydants, c&amp;#39;est un atout pour<br \/>\nlutter contre les signes du vieillissement cutan\u00e9.<\/li>\n<li>Nourrissante, r\u00e9g\u00e9n\u00e9rante \u00a0: elle nourrit la peau en profondeur.<\/li>\n<li>\u00a0S\u00e9bo-r\u00e9gulatrice : R\u00e9gulatrice du s\u00e9bum, elle est r\u00e9put\u00e9e pour<br \/>\n\u00eatre d\u00e9sincrustante<\/li>\n<li>\u00a0Solution anti-acn\u00e9 : l\u2019huile de p\u00e9pin de raisin sera peut-\u00eatre votre alli\u00e9<br \/>\nmiracle. Gr\u00e2ce \u00e0 ses propri\u00e9t\u00e9s anti-inflammatoires, elle aide \u00e0 r\u00e9duire la<br \/>\nproduction de s\u00e9bum tout en maintenant la peau hydrat\u00e9e.<\/li>\n<li>\u00a0R\u00e9parer les cheveux : l\u2019huile de p\u00e9pins de raisin a l\u2019avantage d\u2019\u00eatre sans<br \/>\nodeur et tr\u00e8s riche en vitamine E. R\u00e9sultat\u00a0: des cheveux hydrat\u00e9s,<br \/>\nr\u00e9par\u00e9s et plus r\u00e9sistants.<\/li>\n<li>\u00a0Hypolip\u00e9miante (diminution du taux de graisse dans le sang)<\/li>\n<li>Protectrice du syst\u00e8me cardio-vasculaire<\/li>\n<li>Stimulante du syst\u00e8me immunitaire<\/li>\n<\/ul>\n<p>Indications cutan\u00e9es (peau, cheveux, ongles)<\/p>\n<ul>\n<li>Acn\u00e9<\/li>\n<li>\u00a0Br\u00fblure l\u00e9g\u00e8re<\/li>\n<li>\u00a0Cheveux color\u00e9s, secs ou ab\u00eem\u00e9s<\/li>\n<li>\u00a0Cheveux fins<\/li>\n<li>\u00a0Cicatrice l\u00e9g\u00e8re<\/li>\n<li>\u00a0Cuir chevelu ass\u00e9ch\u00e9 ou irrit\u00e9<\/li>\n<li>\u00a0Dartre<\/li>\n<li>\u00a0D\u00e9maquillage<\/li>\n<li>\u00a0Dess\u00e8chement (mains, corps, cheveux, ongles)<\/li>\n<li>\u00a0Ecz\u00e9ma<\/li>\n<li>\u00a0Ger\u00e7ure<\/li>\n<li>\u00a0Irritation cutan\u00e9e<\/li>\n<li>\u00a0Massage<\/li>\n<li>\u00a0Muscles endoloris (en massage)<\/li>\n<li>\u00a0Ongles cassants, cuticules<\/li>\n<li>\u00a0Peau grasse ou mixte<\/li>\n<li>\u00a0Psoriasis<\/li>\n<li>\u00a0Rides<\/li>\n<li>\u00a0S\u00e9bum en exc\u00e8s<\/li>\n<li>\u00a0Vergetures<\/li>\n<li>\u00a0Vieillissement cutan\u00e9 (en pr\u00e9vention)<\/li>\n<\/ul>\n","protected":false},"excerpt":{"rendered":"<p>L&rsquo;huile de p\u00e9pins de raisin de couleur verte qui tend au jaune ! Extraite (comme son nom l&rsquo;indique) par pression \u00e0 froid des p\u00e9pins de raisin, elle est riche en [&hellip;]<\/p>\n","protected":false},"featured_media":509,"template":"","meta":[],"product_cat":[15],"product_tag":[],"class_list":{"0":"post-511","1":"product","2":"type-product","3":"status-publish","4":"has-post-thumbnail","6":"product_cat-non-classe","8":"first","9":"instock","10":"shipping-taxable","11":"purchasable","12":"product-type-variable"},"_links":{"self":[{"href":"https:\/\/tvh.com.tn\/index.php\/wp-json\/wp\/v2\/product\/511","targetHints":{"allow":["GET"]}}],"collection":[{"href":"https:\/\/tvh.com.tn\/index.php\/wp-json\/wp\/v2\/product"}],"about":[{"href":"https:\/\/tvh.com.tn\/index.php\/wp-json\/wp\/v2\/types\/product"}],"wp:featuredmedia":[{"embeddable":true,"href":"https:\/\/tvh.com.tn\/index.php\/wp-json\/wp\/v2\/media\/509"}],"wp:attachment":[{"href":"https:\/\/tvh.com.tn\/index.php\/wp-json\/wp\/v2\/media?parent=511"}],"wp:term":[{"taxonomy":"product_cat","embeddable":true,"href":"https:\/\/tvh.com.tn\/index.php\/wp-json\/wp\/v2\/product_cat?post=511"},{"taxonomy":"product_tag","embeddable":true,"href":"https:\/\/tvh.com.tn\/index.php\/wp-json\/wp\/v2\/product_tag?post=511"}],"curies":[{"name":"wp","href":"https:\/\/api.w.org\/{rel}","templated":true}]}}