{"id":512,"date":"2024-09-09T17:11:55","date_gmt":"2024-09-09T15:11:55","guid":{"rendered":"https:\/\/tvh.com.tn\/?post_type=product&#038;p=512"},"modified":"2024-09-13T13:16:59","modified_gmt":"2024-09-13T11:16:59","slug":"huile-de-lentisque","status":"publish","type":"product","link":"https:\/\/tvh.com.tn\/index.php\/produit\/huile-de-lentisque\/","title":{"rendered":"Huile de lentisque"},"content":{"rendered":"<p>Huile de lentisque est issue par premi\u00e8re pression \u00e0 froid, sa composition<br \/>\nchimique est la suivante :<\/p>\n<ul>\n<li>Acides gras polyinsatur\u00e9s<\/li>\n<li>\u00a0Acide ol\u00e9ique : 45,7 %<\/li>\n<li>\u00a0Acide Linol\u00e9ique : 24,2 %<\/li>\n<li>\u00a0Acide cis-vacc\u00e9nique : 1,7 %<\/li>\n<li>\u00a0Acide Alpha linol\u00e9nique : 0,6 %<\/li>\n<li>\u00a0Acides gras satur\u00e9s<\/li>\n<li>\u00a0Acide palmitique : 23,8 %<\/li>\n<li>\u00a0Acide palmitol\u00e9ique : 2,1 %<\/li>\n<li>\u00a0Acide St\u00e9arique : 1,4 %<\/li>\n<li>\u00a0Autres : alpha-tocoph\u00e9rol : 0,033%<\/li>\n<\/ul>\n<p>L\u2019huile de lentisque est bien connue pour ses vertus cosm\u00e9tiques \u00e0 usage<br \/>\ncorporel et pour traitement de cheveux aussi.<br \/>\nParmi ces bienfaits on peut citer \u00a0:<\/p>\n<ul>\n<li>Elle soulage les jambes lourdes, et elle est indiqu\u00e9e dans la<br \/>\npr\u00e9vention des troubles cardio-vasculaires.<\/li>\n<li>Elle aide \u00e0 lutter contre les varices, s\u2019utilise dans le traitement des<br \/>\nh\u00e9morro\u00efdes externes et internes, les trombophl\u00e9bites et les \u00a0escarres.<\/li>\n<li>\u00a0Soulage les brulures<\/li>\n<li>\u00a0Soigne l\u2019ecz\u00e9ma<\/li>\n<li>\u00a0Hydrate et graisse la peau<\/li>\n<li>\u00a0Soulage les maux de dos<\/li>\n<li>\u00a0Facilite la cicatrisation<\/li>\n<li>\u00a0Soulage en cas de bronchite ou de maux de gorge.<\/li>\n<li>\u00a0Embellie les cheveux quelque soit le type (\u00e9pais, fins, boucl\u00e9s,<br \/>\nondul\u00e9s ou raides) mais convient surtout aux cheveux secs.<\/li>\n<li>\u00a0Apporte volume et brillance aux cheveux,<\/li>\n<li>\u00a0Nourrit le cuir chevelu en profondeur,<\/li>\n<li>\u00a0Pr\u00e9vient des pellicules et des irritations du cuir chevelu,<\/li>\n<li>\u00a0freine l\u2019apparition des cheveux blancs pr\u00e9coces,<\/li>\n<li>\u00a0Stimule la pouss\u00e9e des cheveux.<\/li>\n<li>\u00a0C\u2019est rem\u00e8de anti-\u00e2ge, antirides et anti-oxydante gr\u00e2ce aux acides<br \/>\nph\u00e9noliques et aux acides gras qu\u2019elle renferme<\/li>\n<li>\u00a0Aide pour att\u00e9nuer les cernes sous les yeux<\/li>\n<li>\u00a0lutte contre les probl\u00e8mes de boutons et d\u2019acn\u00e9 juv\u00e9nile<\/li>\n<\/ul>\n","protected":false},"excerpt":{"rendered":"<p>L\u2019huile de lentisque est bien connue pour ses vertus cosm\u00e9tiques \u00e0 usage<br \/>\ncorporel et pour traitement de cheveux aussi.<br \/>\nParmi ces bienfaits on peut citer \u00a0:<\/p>\n<ul>\n<li>Elle soulage les jambes lourdes, et elle est indiqu\u00e9e dans la<br \/>\npr\u00e9vention des troubles cardio-vasculaires.<\/li>\n<li>Elle aide \u00e0 lutter contre les varices, s\u2019utilise dans le traitement des<br \/>\nh\u00e9morro\u00efdes externes et internes, les trombophl\u00e9bites et les \u00a0escarres.<\/li>\n<li>\u00a0Soulage les brulures<\/li>\n<li>\u00a0Soigne l\u2019ecz\u00e9ma<\/li>\n<\/ul>\n","protected":false},"featured_media":513,"template":"","meta":[],"product_cat":[17],"product_tag":[],"class_list":{"0":"post-512","1":"product","2":"type-product","3":"status-publish","4":"has-post-thumbnail","6":"product_cat-cosmetics","8":"first","9":"instock","10":"shipping-taxable","11":"purchasable","12":"product-type-variable"},"_links":{"self":[{"href":"https:\/\/tvh.com.tn\/index.php\/wp-json\/wp\/v2\/product\/512","targetHints":{"allow":["GET"]}}],"collection":[{"href":"https:\/\/tvh.com.tn\/index.php\/wp-json\/wp\/v2\/product"}],"about":[{"href":"https:\/\/tvh.com.tn\/index.php\/wp-json\/wp\/v2\/types\/product"}],"wp:featuredmedia":[{"embeddable":true,"href":"https:\/\/tvh.com.tn\/index.php\/wp-json\/wp\/v2\/media\/513"}],"wp:attachment":[{"href":"https:\/\/tvh.com.tn\/index.php\/wp-json\/wp\/v2\/media?parent=512"}],"wp:term":[{"taxonomy":"product_cat","embeddable":true,"href":"https:\/\/tvh.com.tn\/index.php\/wp-json\/wp\/v2\/product_cat?post=512"},{"taxonomy":"product_tag","embeddable":true,"href":"https:\/\/tvh.com.tn\/index.php\/wp-json\/wp\/v2\/product_tag?post=512"}],"curies":[{"name":"wp","href":"https:\/\/api.w.org\/{rel}","templated":true}]}}