{"id":514,"date":"2024-09-09T17:16:29","date_gmt":"2024-09-09T15:16:29","guid":{"rendered":"https:\/\/tvh.com.tn\/?post_type=product&#038;p=514"},"modified":"2024-09-13T13:24:11","modified_gmt":"2024-09-13T11:24:11","slug":"huile-de-carthame","status":"publish","type":"product","link":"https:\/\/tvh.com.tn\/index.php\/produit\/huile-de-carthame\/","title":{"rendered":"Huile de carthame"},"content":{"rendered":"<p>Huile de carthame issue de la premi\u00e8re pression \u00e0 froid de couleur jaune<br \/>\npale, d\u2019odeur agr\u00e9able et texture de liquide huileux<br \/>\nApplications<\/p>\n<ul>\n<li>\u00a0Peaux s\u00e8ches<\/li>\n<li>\u00a0Peaux matures<\/li>\n<li>\u00a0Peaux \u00e0 rougeurs<\/li>\n<li>\u00a0Peaux fatigu\u00e9es, rel\u00e2ch\u00e9es<\/li>\n<li>\u00a0Cernes, poches sous les yeux<\/li>\n<li>\u00a0Acn\u00e9<\/li>\n<li>\u00a0Couperose<\/li>\n<li>\u00a0Chute de cheveux<\/li>\n<li>\u00a0Cheveux secs, tr\u00e8s secs<\/li>\n<li>\u00a0Pointes s\u00e8ches et abim\u00e9es<\/li>\n<li>\u00a0Elle est \u00e9galement excellente pour r\u00e9g\u00e9n\u00e9rer\u00a0 et nourrir les zones fines et<br \/>\nsensibles du visage, comme le contour des yeux et des l\u00e8vres.<\/li>\n<li>\u00a0Vieillissement cutan\u00e9<\/li>\n<li>\u00a0Irritation cutan\u00e9e<\/li>\n<li>\u00a0Ecz\u00e9ma<\/li>\n<li>\u00a0Br\u00fblure l\u00e9g\u00e8re<\/li>\n<li>\u00a0Cicatrice l\u00e9g\u00e8re<br \/>\nComposition<br \/>\nAG mono insatur\u00e9s\u00a0: 10% \u00e0 21 % ol\u00e9ique (Omega 9)<br \/>\nAG poly insatur\u00e9s\u00a0: 65% \u00e0 80% acide linol\u00e9ique (Omega 6)<br \/>\nAG satur\u00e9s\u00a0: 3% \u00e0 6 % acide palmitique, 2 \u00e0 3 % acide st\u00e9arique<br \/>\nBIENFAITS<\/li>\n<li>\u00a0stimuler la r\u00e9g\u00e9n\u00e9ration cellulaire.<\/li>\n<li>gr\u00e2ce \u00e0 sa composition \u00e0 la vitamine K, elle agit favorablement sur les<\/li>\n<\/ul>\n<p>rougeurs cutan\u00e9es.<\/p>\n<ul>\n<li>Antioxydant : lutte contre le vieillissement cutan\u00e9 des peaux matures,<br \/>\nrel\u00e2ch\u00e9es et fatigu\u00e9es.<\/li>\n<li>Nourrissante convient parfaitement aux peaux s\u00e8ches et combat le<br \/>\ndess\u00e8chement des peaux d\u00e9shydrat\u00e9es<\/li>\n<li>\u00a0R\u00e9g\u00e9n\u00e9rant<\/li>\n<li>\u00a0Adoucissante et apaisante cutan\u00e9e<\/li>\n<li>\u00a0Cicatrisante<\/li>\n<li>\u00a0Favorise la vasoconstriction des vaisseaux sanguins<\/li>\n<li>\u00a0R\u00e9put\u00e9e pour stimuler la croissance des cheveux. Elle nourrit les cheveux<br \/>\nternes et cassants, particuli\u00e8rement lorsque les pointes sont s\u00e8ches et<br \/>\nfourchues. Son action fortifiante freine la chute des cheveux<\/li>\n<li>\u00a0excellent compl\u00e9ment alimentaire, particuli\u00e8rement dans les r\u00e9gimes hypo-<br \/>\nlipidiques<\/li>\n<li>\u00a0Riche en acides gras mono insatur\u00e9es, elle fonctionne comme un v\u00e9ritable<br \/>\nbr\u00fbleur de graisses, en r\u00e9duisant le taux de cholest\u00e9rol et de sucre dans<br \/>\nl&rsquo;organisme.<\/li>\n<li>\u00a0Elle renforce le syst\u00e8me cardiovasculaire, gr\u00e2ce \u00e0 son action anti-cholest\u00e9rol.<br \/>\nElle stimule l&amp;#39;activit\u00e9 de la v\u00e9sicule biliaire et s&amp;#39;av\u00e8re \u00eatre un excellent laxatif.<\/li>\n<\/ul>\n","protected":false},"excerpt":{"rendered":"<p>Huile de carthame issue de la premi\u00e8re pression \u00e0 froid de couleur jaune pale, d\u2019odeur agr\u00e9able et texture de liquide huileux Applications \u00a0Peaux s\u00e8ches \u00a0Peaux matures \u00a0Peaux \u00e0 rougeurs \u00a0Peaux [&hellip;]<\/p>\n","protected":false},"featured_media":515,"template":"","meta":[],"product_cat":[15],"product_tag":[],"class_list":{"0":"post-514","1":"product","2":"type-product","3":"status-publish","4":"has-post-thumbnail","6":"product_cat-non-classe","8":"first","9":"instock","10":"shipping-taxable","11":"purchasable","12":"product-type-variable"},"_links":{"self":[{"href":"https:\/\/tvh.com.tn\/index.php\/wp-json\/wp\/v2\/product\/514","targetHints":{"allow":["GET"]}}],"collection":[{"href":"https:\/\/tvh.com.tn\/index.php\/wp-json\/wp\/v2\/product"}],"about":[{"href":"https:\/\/tvh.com.tn\/index.php\/wp-json\/wp\/v2\/types\/product"}],"wp:featuredmedia":[{"embeddable":true,"href":"https:\/\/tvh.com.tn\/index.php\/wp-json\/wp\/v2\/media\/515"}],"wp:attachment":[{"href":"https:\/\/tvh.com.tn\/index.php\/wp-json\/wp\/v2\/media?parent=514"}],"wp:term":[{"taxonomy":"product_cat","embeddable":true,"href":"https:\/\/tvh.com.tn\/index.php\/wp-json\/wp\/v2\/product_cat?post=514"},{"taxonomy":"product_tag","embeddable":true,"href":"https:\/\/tvh.com.tn\/index.php\/wp-json\/wp\/v2\/product_tag?post=514"}],"curies":[{"name":"wp","href":"https:\/\/api.w.org\/{rel}","templated":true}]}}