{"id":93,"date":"2021-07-18T08:40:16","date_gmt":"2021-07-18T08:40:16","guid":{"rendered":"https:\/\/demo.athemes.com\/botiga\/?post_type=product&#038;p=93"},"modified":"2024-09-13T15:44:18","modified_gmt":"2024-09-13T13:44:18","slug":"huile-de-figue-de-barbarie","status":"publish","type":"product","link":"https:\/\/tvh.com.tn\/index.php\/produit\/huile-de-figue-de-barbarie\/","title":{"rendered":"Huile de figue de barbarie"},"content":{"rendered":"<p>Huile de figue de barbarie (Non scientifique\u00a0: Opuntia ficus indica oil) issue de la<br \/>\npremi\u00e8re pression \u00e0 froid de couleur jaune \u00e0 vert, \u00a0Bien connue, depuis<br \/>\nlongtemps pour ses propri\u00e9t\u00e9s adoucissantes et nourrissantes de la peau.<br \/>\nApplications<\/p>\n<ul>\n<li>\u00a0Elle est un tr\u00e8s bon atout anti-\u00e2ge<\/li>\n<li>\u00a0les peaux sensibles<\/li>\n<li>\u00a0att\u00e9nuer des cicatrices<\/li>\n<li>l\u2019utiliser pour diminuer les traces de boutons d\u2019acn\u00e9<\/li>\n<li>\u00a0Att\u00e9nue les rougeurs, calme les coups de soleil.<\/li>\n<li>\u00a0L\u2019huile s\u2019applique \u00e9galement sur les cheveux. Elle les nourrira et les<br \/>\nhydratera. En laissant l\u2019huile agir sur les cheveux<\/li>\n<li>\u00a0soin pour les ongles<\/li>\n<li>\u00a0Nourrissante<\/li>\n<li>\u00a0Hydratante\n<p>Composition<\/li>\n<li>Acides gras essentiels poly-insatur\u00e9s (AGPI ou AGE) ou vitamine F : acide<br \/>\nlinol\u00e9ique (om\u00e9ga-6) (59.94%)<\/li>\n<li>Acides gras mono-insatur\u00e9s (AGMI) : acide ol\u00e9ique (om\u00e9ga-9) (22.79%)<\/li>\n<li>\u00a0Acides gras satur\u00e9s (AGS) : acide palmitique (11.91%)<br \/>\nBIENFAITS<\/li>\n<li>\u00a0aide \u00e0 lutter contre le dess\u00e8chement cutan\u00e9<\/li>\n<li>\u00a0\u00e0 am\u00e9liorer l&rsquo;hydratation , elle contient aussi des om\u00e9ga-6 en bonne<br \/>\nproportion. Ces derniers jouent un r\u00f4le essentiel, en luttant contre<br \/>\nla\u00a0d\u00e9shydratation de la peau\u00a0et participent aussi au renouvellement<br \/>\ncellulaire.<\/li>\n<li>\u00a0\u00e0 ralentir le processus de vieillissement de la peau et \u00e0 pr\u00e9venir la formation<br \/>\ndes rides gr\u00e2ce \u00e0 Sa richesse exceptionnelle en acides gras essentiels et en<\/li>\n<\/ul>\n<p>vitamine E antioxydante. Cette huile resserre le grain de la peau, lisse les<br \/>\nridules, minimise les imperfections, r\u00e9gule le s\u00e9bum, r\u00e9duit la<br \/>\nd\u00e9shydratation et aide \u00e0 lutter contre le rel\u00e2chement cutan\u00e9 et les marques<br \/>\ndu temps.\u00a0elle constitue un\u00a0 Antioxydant puissant et naturel qui freine le<br \/>\nvieillissement des cellules, stimule leur renouvellement et aide \u00e0 se prot\u00e9ger<br \/>\ndes radicaux libres.<\/p>\n<ul>\n<li>destin\u00e9 aux soins de la peau, aux cheveux ou aux ongles. Cette huile<br \/>\npr\u00e9cieuse est \u00e9galement une hydratation forte et revitalisante, ce qui la rend<br \/>\nhautement recommand\u00e9e pour les cheveux secs et rugueux, ainsi que pour<br \/>\nles ongles fissur\u00e9s et sans \u00e9clat<br \/>\nElle a un effet lift profond gr\u00e2ce \u00e0 ces om\u00e9gas 3, 6, 7 et 9.<\/li>\n<li>\u00a0Elle permet de r\u00e9duire les taches qui peuvent appara\u00eetre avec l&amp;#39;\u00e2ge ou \u00e0<br \/>\ncause du soleil.<\/li>\n<li>\u00a0Les peaux grasses et acn\u00e9iquesvont appr\u00e9cier son r\u00f4le de r\u00e9gulateur de la<br \/>\nproduction de s\u00e9bum.<br \/>\n&#8211; Les\u00a0peaux s\u00e8ches, quant \u00e0 elles, vont adorer son\u00a0hydratation intense\u00a0et son<br \/>\npouvoir nourrissant.<\/li>\n<li>\u00a0r\u00e9duit les cicatrices<\/li>\n<li>\u00a0l&rsquo;huile de figue de Barbarie fera le bonheur des cheveux secs.<\/li>\n<\/ul>\n","protected":false},"excerpt":{"rendered":"<p>Cette huile resserre le grain de la peau, lisse les<br \/>\nridules, minimise les imperfections, r\u00e9gule le s\u00e9bum, r\u00e9duit la<br \/>\nd\u00e9shydratation et aide \u00e0 lutter contre le rel\u00e2chement cutan\u00e9 et les marques<br \/>\ndu temps.\u00a0elle constitue un\u00a0 Antioxydant puissant et naturel qui freine le<br \/>\nvieillissement des cellules, stimule leur renouvellement et aide \u00e0 se prot\u00e9ger<br \/>\ndes radicaux libres.<\/p>\n","protected":false},"featured_media":500,"template":"","meta":[],"product_cat":[17],"product_tag":[],"class_list":{"0":"post-93","1":"product","2":"type-product","3":"status-publish","4":"has-post-thumbnail","6":"product_cat-cosmetics","8":"first","9":"instock","10":"shipping-taxable","11":"purchasable","12":"product-type-variable"},"_links":{"self":[{"href":"https:\/\/tvh.com.tn\/index.php\/wp-json\/wp\/v2\/product\/93","targetHints":{"allow":["GET"]}}],"collection":[{"href":"https:\/\/tvh.com.tn\/index.php\/wp-json\/wp\/v2\/product"}],"about":[{"href":"https:\/\/tvh.com.tn\/index.php\/wp-json\/wp\/v2\/types\/product"}],"wp:featuredmedia":[{"embeddable":true,"href":"https:\/\/tvh.com.tn\/index.php\/wp-json\/wp\/v2\/media\/500"}],"wp:attachment":[{"href":"https:\/\/tvh.com.tn\/index.php\/wp-json\/wp\/v2\/media?parent=93"}],"wp:term":[{"taxonomy":"product_cat","embeddable":true,"href":"https:\/\/tvh.com.tn\/index.php\/wp-json\/wp\/v2\/product_cat?post=93"},{"taxonomy":"product_tag","embeddable":true,"href":"https:\/\/tvh.com.tn\/index.php\/wp-json\/wp\/v2\/product_tag?post=93"}],"curies":[{"name":"wp","href":"https:\/\/api.w.org\/{rel}","templated":true}]}}