{"id":94,"date":"2021-07-18T08:40:27","date_gmt":"2021-07-18T08:40:27","guid":{"rendered":"https:\/\/demo.athemes.com\/botiga\/?post_type=product&#038;p=94"},"modified":"2024-09-13T15:44:01","modified_gmt":"2024-09-13T13:44:01","slug":"huile-de-nigelle","status":"publish","type":"product","link":"https:\/\/tvh.com.tn\/index.php\/produit\/huile-de-nigelle\/","title":{"rendered":"Huile de nigelle"},"content":{"rendered":"<ul>\n<li>L\u2019huile de nigelle est originaire de la r\u00e9gion m\u00e9diterran\u00e9enne o\u00f9 elle est utilis\u00e9e<br \/>\ndepuis plus de 2500 ans pour ses propri\u00e9t\u00e9s m\u00e9dicinales. elle est de\u00a0\u00a0couleur<br \/>\norange \u00e0 brun, d\u2019odeur \u00c9pic\u00e9e et forte et d\u2019une\u00a0Texture\u00a0\u00a0L\u00e9g\u00e8rement \u00e9paisse<br \/>\nmais fluide. Cette huile est issue de la premi\u00e8re pression \u00e0 froid.<br \/>\nApplications :<\/li>\n<li>Br\u00fblure l\u00e9g\u00e8re<\/li>\n<li>Cheveux (chute)<\/li>\n<li>\u00a0Cicatrice l\u00e9g\u00e8re<\/li>\n<li>\u00a0Inflammation cutan\u00e9e ou articulaire<\/li>\n<li>\u00a0Irritation : Pour le traitement des rougeurs, acn\u00e9s<\/li>\n<li>\u00a0Rhumatismes<\/li>\n<li>\u00a0Rides<\/li>\n<li>\u00a0Vieillissement cutan\u00e9<\/li>\n<li>\u00a0Pour le traitement de certains ecz\u00e9mas.<br \/>\nComposition :<\/li>\n<li>\u00a0AG mono insatur\u00e9s : 18 \u00e0 29 % ol\u00e9ique (Omega9)<br \/>\nAG poly insatur\u00e9s\u00a0: 50 \u00e0 60 % linol\u00e9ique (Omega6)<br \/>\nAG satur\u00e9s\u00a0: 10 \u00e0 15 % palmitique, 3 \u00e0 4 % st\u00e9arique.<br \/>\nBienfaits :<\/li>\n<li>\u00a0Aide \u00e0 pr\u00e9venir la perte de cheveux<\/li>\n<li>\u00a0effet s\u00e9datif des douleurs dorsales : articulaires et musculaires Elle poss\u00e8de<br \/>\naussi des\u00a0propri\u00e9t\u00e9s anti-bact\u00e9riennes et anti-inflammatoires\u00a0qui<br \/>\npermettent de soulager les\u00a0contractures musculaires,\u00a0articulaires\u00a0ainsi que<br \/>\nles rhumatismes.<\/li>\n<li>\u00a0Hypoglyc\u00e9miante dans le cas de diab\u00e8te<\/li>\n<li>\u00a0Ses caract\u00e9ristiques nourrissantes et r\u00e9g\u00e9n\u00e9rantes permettent de redonner<br \/>\nsouplesse et douceur \u00e0 la peau<\/li>\n<li>un excellent anti-\u00e2ge : L&rsquo;huile de nigelle contient des acides gras,<\/li>\n<\/ul>\n<p>polyinsatur\u00e9s, mono insatur\u00e9s et satur\u00e9s. Elle est riche en acide ol\u00e9ique, en<br \/>\nacide palmitique, en om\u00e9ga 3 et en vitamine E, ce qui fait d&rsquo;elle un puissant<br \/>\nantioxydant.<\/p>\n<ul>\n<li>hydratant pour tous les types de peau.<\/li>\n<li>La sp\u00e9cificit\u00e9 purifiante de l&rsquo;huile emp\u00eache la formation de boutons pour<br \/>\ntraiter les probl\u00e8mes de peau: acn\u00e9<\/li>\n<li>\u00a0Id\u00e9ale pour les peaux s\u00e8ches, abim\u00e9es, irrit\u00e9es et matures, elle prot\u00e8ge les<br \/>\ncellules de l\u2019\u00e9piderme.<\/li>\n<li>\u00a0Cicatrisante<\/li>\n<\/ul>\n","protected":false},"excerpt":{"rendered":"<ul>\n<li>hydratant pour tous les types de peau.<\/li>\n<li>La sp\u00e9cificit\u00e9 purifiante de l&rsquo;huile emp\u00eache la formation de boutons pour<br \/>\ntraiter les probl\u00e8mes de peau: acn\u00e9<\/li>\n<li>\u00a0Id\u00e9ale pour les peaux s\u00e8ches, abim\u00e9es, irrit\u00e9es et matures, elle prot\u00e8ge les<br \/>\ncellules de l\u2019\u00e9piderme.<\/li>\n<li>\u00a0Cicatrisante<\/li>\n<\/ul>\n","protected":false},"featured_media":496,"template":"","meta":[],"product_cat":[17],"product_tag":[],"class_list":{"0":"post-94","1":"product","2":"type-product","3":"status-publish","4":"has-post-thumbnail","6":"product_cat-cosmetics","8":"first","9":"instock","10":"shipping-taxable","11":"purchasable","12":"product-type-variable"},"_links":{"self":[{"href":"https:\/\/tvh.com.tn\/index.php\/wp-json\/wp\/v2\/product\/94","targetHints":{"allow":["GET"]}}],"collection":[{"href":"https:\/\/tvh.com.tn\/index.php\/wp-json\/wp\/v2\/product"}],"about":[{"href":"https:\/\/tvh.com.tn\/index.php\/wp-json\/wp\/v2\/types\/product"}],"wp:featuredmedia":[{"embeddable":true,"href":"https:\/\/tvh.com.tn\/index.php\/wp-json\/wp\/v2\/media\/496"}],"wp:attachment":[{"href":"https:\/\/tvh.com.tn\/index.php\/wp-json\/wp\/v2\/media?parent=94"}],"wp:term":[{"taxonomy":"product_cat","embeddable":true,"href":"https:\/\/tvh.com.tn\/index.php\/wp-json\/wp\/v2\/product_cat?post=94"},{"taxonomy":"product_tag","embeddable":true,"href":"https:\/\/tvh.com.tn\/index.php\/wp-json\/wp\/v2\/product_tag?post=94"}],"curies":[{"name":"wp","href":"https:\/\/api.w.org\/{rel}","templated":true}]}}