{"id":95,"date":"2021-07-18T08:40:49","date_gmt":"2021-07-18T08:40:49","guid":{"rendered":"https:\/\/demo.athemes.com\/botiga\/?post_type=product&#038;p=95"},"modified":"2024-09-13T15:43:46","modified_gmt":"2024-09-13T13:43:46","slug":"huile-de-sesame","status":"publish","type":"product","link":"https:\/\/tvh.com.tn\/index.php\/produit\/huile-de-sesame\/","title":{"rendered":"Huile de s\u00e9same"},"content":{"rendered":"<ul>\n<li>Huile de s\u00e9same issue de la premi\u00e8re pression \u00e0 froid de couleur Jaune dor\u00e9e<br \/>\n\u00e0 jaune p\u00e2le, depuis longtemps pour ses propri\u00e9t\u00e9s adoucissantes et<br \/>\nnourrissantes de la peau.<br \/>\nApplications<br \/>\nEcran anti-UV naturel<\/li>\n<li>aide au traitement des nouvelles br\u00fblures et blessures<\/li>\n<li>\u00a0soin de la peau du visage et du corps de la femme apr\u00e8s \u00e9pilation<\/li>\n<li>Nourrit les cheveux<br \/>\nComposition<br \/>\nAG mono insatur\u00e9s\u00a0: 39% \u00e0 42% d&amp;#39;acide ol\u00e9ique (Omega9)<br \/>\nAG poly insatur\u00e9s\u00a0: 39% \u00e0 41% d&amp;#39;acide linol\u00e9ique (Omega6)<br \/>\nAG satur\u00e9s environ 15%\u00a0: 8% \u00e0 10% d&amp;#39;acide palmitique, 4% \u00e0 5% d&amp;#39;acide<br \/>\nst\u00e9arique<br \/>\nriche en vitamines du groupe B, notamment en thiamine, en riboflavine, en<br \/>\nniacine, en acide pantoth\u00e9nique, en pyridoxine et en acide folique.<br \/>\nBienfaits<\/li>\n<li>Riche en acides gras essentiels, elle r\u00e9g\u00e9n\u00e8re et assouplit la peau.<\/li>\n<li>antioxydants gr\u00e2ce \u00e0 la vitamine E : prot\u00e9ger la peau du vieillissement cutan\u00e9<\/li>\n<li>\u00a0richesse en om\u00e9ga\u202f6, un acide gras essentiel qui augmente le\u202fbon cholest\u00e9rol<br \/>\naux d\u00e9pens du mauvais et\u202fr\u00e9gule le\u202frythme cardiaque<\/li>\n<li>Elle constitue un protecteur naturel contre les UV.<\/li>\n<li>calme les br\u00fblures.<\/li>\n<li>nourrit et alimente le cuir chevelu et contr\u00f4le la formation des pellicules<br \/>\ns\u00e8ches.<\/li>\n<li>prot\u00e8ge la peau contre les effets du chlore dans l&rsquo;eau de piscine.<\/li>\n<li>maintient la peau souple et \u00e9lastique.<\/li>\n<li>aide au probl\u00e8me acn\u00e9ique<\/li>\n<\/ul>\n","protected":false},"excerpt":{"rendered":"<ul>\n<li>riche en vitamines du groupe B, notamment en thiamine, en riboflavine, en<br \/>\nniacine, en acide pantoth\u00e9nique, en pyridoxine et en acide folique.<\/li>\n<\/ul>\n","protected":false},"featured_media":495,"template":"","meta":[],"product_cat":[17],"product_tag":[],"class_list":{"0":"post-95","1":"product","2":"type-product","3":"status-publish","4":"has-post-thumbnail","6":"product_cat-cosmetics","8":"first","9":"instock","10":"shipping-taxable","11":"purchasable","12":"product-type-variable"},"_links":{"self":[{"href":"https:\/\/tvh.com.tn\/index.php\/wp-json\/wp\/v2\/product\/95","targetHints":{"allow":["GET"]}}],"collection":[{"href":"https:\/\/tvh.com.tn\/index.php\/wp-json\/wp\/v2\/product"}],"about":[{"href":"https:\/\/tvh.com.tn\/index.php\/wp-json\/wp\/v2\/types\/product"}],"wp:featuredmedia":[{"embeddable":true,"href":"https:\/\/tvh.com.tn\/index.php\/wp-json\/wp\/v2\/media\/495"}],"wp:attachment":[{"href":"https:\/\/tvh.com.tn\/index.php\/wp-json\/wp\/v2\/media?parent=95"}],"wp:term":[{"taxonomy":"product_cat","embeddable":true,"href":"https:\/\/tvh.com.tn\/index.php\/wp-json\/wp\/v2\/product_cat?post=95"},{"taxonomy":"product_tag","embeddable":true,"href":"https:\/\/tvh.com.tn\/index.php\/wp-json\/wp\/v2\/product_tag?post=95"}],"curies":[{"name":"wp","href":"https:\/\/api.w.org\/{rel}","templated":true}]}}