{"id":96,"date":"2021-07-18T08:40:56","date_gmt":"2021-07-18T08:40:56","guid":{"rendered":"https:\/\/demo.athemes.com\/botiga\/?post_type=product&#038;p=96"},"modified":"2024-09-13T15:43:30","modified_gmt":"2024-09-13T13:43:30","slug":"huile-damande","status":"publish","type":"product","link":"https:\/\/tvh.com.tn\/index.php\/produit\/huile-damande\/","title":{"rendered":"Huile d&rsquo;amande"},"content":{"rendered":"<p>Huile d\u2019amande (Non scientifique : PRUNUS AMYGDALUS DULCIS OIL) issue de<br \/>\nla premi\u00e8re pression \u00e0 froid de couleur jaune claire Bien connue, depuis<br \/>\nlongtemps pour ses propri\u00e9t\u00e9s adoucissantes et nourrissantes de la peau.<br \/>\nApplications<br \/>\n\u2022 Br\u00fblure superficielle<br \/>\n\u2022 Cheveux color\u00e9s ou fris\u00e9s<br \/>\n\u2022 Cheveux secs, cassants, fourchus<br \/>\n\u2022 Cicatrices l\u00e9g\u00e8res<br \/>\n\u2022 Com\u00e9dons<br \/>\n\u2022 Crevasse<br \/>\n\u2022 Cuir chevelu ass\u00e9ch\u00e9 ou irrit\u00e9<br \/>\n\u2022 D\u00e9mangeaison<br \/>\n\u2022 Peau irrit\u00e9e, sensible, fragile<br \/>\n\u2022 Rougeurs y compris rougeurs cutan\u00e9es des b\u00e9b\u00e9s<br \/>\nComposition<br \/>\n\u2022 Riche en graisses v\u00e9g\u00e9tales : elle contient des om\u00e9ga 6 AG poly insatur\u00e9s : 25<br \/>\n% linol\u00e9ique et om\u00e9ga 9 AG mono insatur\u00e9s : 65 \u00e0 83 % ol\u00e9ique (Omega9)<br \/>\n\u2022 vitamine A qui rend la peau plus \u00e9lastique<br \/>\n\u2022 vitamine B, D et E qui acc\u00e9l\u00e8re la r\u00e9paration cellulaire, antioxydant naturelle<br \/>\n\u2022 riche en sels min\u00e9raux, en prot\u00e9ines, en fer, en zinc et en cuivre.<br \/>\n\u2022 des phytost\u00e9rols (qui am\u00e9liorent notamment la microcirculation)<br \/>\nBIENFAITS<br \/>\n\u2022 L\u2019huile d\u2019amande douce hydrate, nourrit tous types de peaux, elle est<br \/>\nparticuli\u00e8rement recommand\u00e9e aux peaux s\u00e8ches ou irrit\u00e9es car elle p\u00e9n\u00e8tre<br \/>\ntr\u00e8s facilement l\u2019\u00e9piderme<br \/>\n\u2022 Elle hydrate les cheveux, gr\u00e2ce \u00e0 ces acides gras<\/p>\n<p>\u2022 Apaisante, elle calme les d\u00e9mangeaisons et les irritations chez l\u2019adulte<br \/>\ncomme chez l\u2019enfant.<br \/>\n\u2022 anti-\u00e2ge : La vitamine E contenue dans l\u2019huile d\u2019amande douce est un des plus<br \/>\npuissants antioxydants connus<\/p>\n","protected":false},"excerpt":{"rendered":"<p>L\u2019huile d\u2019amande douce hydrate, nourrit tous types de peaux, elle est<br \/>\nparticuli\u00e8rement recommand\u00e9e aux peaux s\u00e8ches ou irrit\u00e9es car elle p\u00e9n\u00e8tre<br \/>\ntr\u00e8s facilement l\u2019\u00e9piderme<br \/>\n\u2022 Elle hydrate les cheveux, gr\u00e2ce \u00e0 ces acides gras<\/p>\n","protected":false},"featured_media":494,"template":"","meta":[],"product_cat":[17],"product_tag":[],"class_list":{"0":"post-96","1":"product","2":"type-product","3":"status-publish","4":"has-post-thumbnail","6":"product_cat-cosmetics","8":"first","9":"instock","10":"shipping-taxable","11":"purchasable","12":"product-type-variable"},"_links":{"self":[{"href":"https:\/\/tvh.com.tn\/index.php\/wp-json\/wp\/v2\/product\/96","targetHints":{"allow":["GET"]}}],"collection":[{"href":"https:\/\/tvh.com.tn\/index.php\/wp-json\/wp\/v2\/product"}],"about":[{"href":"https:\/\/tvh.com.tn\/index.php\/wp-json\/wp\/v2\/types\/product"}],"wp:featuredmedia":[{"embeddable":true,"href":"https:\/\/tvh.com.tn\/index.php\/wp-json\/wp\/v2\/media\/494"}],"wp:attachment":[{"href":"https:\/\/tvh.com.tn\/index.php\/wp-json\/wp\/v2\/media?parent=96"}],"wp:term":[{"taxonomy":"product_cat","embeddable":true,"href":"https:\/\/tvh.com.tn\/index.php\/wp-json\/wp\/v2\/product_cat?post=96"},{"taxonomy":"product_tag","embeddable":true,"href":"https:\/\/tvh.com.tn\/index.php\/wp-json\/wp\/v2\/product_tag?post=96"}],"curies":[{"name":"wp","href":"https:\/\/api.w.org\/{rel}","templated":true}]}}