{"id":97,"date":"2021-07-18T08:41:13","date_gmt":"2021-07-18T08:41:13","guid":{"rendered":"https:\/\/demo.athemes.com\/botiga\/?post_type=product&#038;p=97"},"modified":"2024-09-13T15:43:17","modified_gmt":"2024-09-13T13:43:17","slug":"huile-de-noisette","status":"publish","type":"product","link":"https:\/\/tvh.com.tn\/index.php\/produit\/huile-de-noisette\/","title":{"rendered":"Huile de noisette"},"content":{"rendered":"<p>L&rsquo;huile de noisette est issue de la premi\u00e8re pression \u00e0 froid. Il a une couleur jaune et un<br \/>\nodeur tr\u00e8s agr\u00e9able. Obtenu apr\u00e8s extraction de la noisette, un ol\u00e9agineux<br \/>\nfruit du noisetier (Corylus avellana), un arbre commun dans les r\u00e9gions temp\u00e9r\u00e9es<br \/>\nr\u00e9gions. La noisette remporte la palme pour sa teneur en lipides.<br \/>\nCette huile est utilis\u00e9e en cuisine mais aussi en cosm\u00e9tique. L&rsquo;huile de noisette est tr\u00e8s douce et<br \/>\np\u00e9n\u00e8tre facilement dans la peau, sans laisser de film gras. Un vrai bonheur.<br \/>\nl&rsquo;huile de noisette convient \u00e0 tous les types de peau, les prot\u00e9geant de la d\u00e9shydratation.<br \/>\nGr\u00e2ce aux phytost\u00e9rols qu&rsquo;elle contient, l&rsquo;huile de noisette a un effet r\u00e9parateur et cicatrisant.<br \/>\naction. Il est indiqu\u00e9 en cas d&rsquo;acn\u00e9 et de points noirs car il r\u00e9gule la<br \/>\nproduction de s\u00e9bum. Les peaux matures, en qu\u00eate d&rsquo;antioxydants, l&rsquo;appr\u00e9cieront pour son<br \/>\nteneur en acide ol\u00e9ique et en vitamine E.<br \/>\nConditions de stockage :<br \/>\nHuile v\u00e9g\u00e9tale stable. A conserver dans un endroit sec, \u00e0 l&rsquo;abri de la chaleur et de la lumi\u00e8re.<br \/>\nPropri\u00e9t\u00e9s:<br \/>\n&#8211; Non com\u00e9dog\u00e8ne : il \u00e9quilibre la production de s\u00e9bum des peaux grasses.<br \/>\n&#8211; Tr\u00e8s p\u00e9n\u00e9trant : il adoucit la peau sans laisser de film gras et permet<br \/>\nla bonne p\u00e9n\u00e9tration des principes actifs comme les huiles essentielles.<\/p>\n<p>&#8211; Protecteur : il pr\u00e9vient la d\u00e9shydratation de la peau.<br \/>\n&#8211; R\u00e9parateur, il favorise la r\u00e9g\u00e9n\u00e9ration du film hydrolipidique cutan\u00e9<br \/>\n&#8211; Adoucissante, elle donne \u00e0 la peau un toucher soyeux.<br \/>\n&#8211; Circulatoire et drainante : tr\u00e8s recommandable pour les massages, cette huile est<br \/>\nexcellent pour activer la microcirculation sanguine et d\u00e9congestionner.<\/p>\n","protected":false},"excerpt":{"rendered":"<p>l&rsquo;huile de noisette convient \u00e0 tous les types de peau, les prot\u00e9geant de la d\u00e9shydratation.<br \/>\nGr\u00e2ce aux phytost\u00e9rols qu&rsquo;elle contient, l&rsquo;huile de noisette a un effet r\u00e9parateur et cicatrisant.<br \/>\naction. Il est indiqu\u00e9 en cas d&rsquo;acn\u00e9 et de points noirs car il r\u00e9gule la<br \/>\nproduction de s\u00e9bum. Les peaux matures, en qu\u00eate d&rsquo;antioxydants, l&rsquo;appr\u00e9cieront pour son<br \/>\nteneur en acide ol\u00e9ique et en vitamine E.<\/p>\n","protected":false},"featured_media":489,"template":"","meta":[],"product_cat":[17],"product_tag":[],"class_list":{"0":"post-97","1":"product","2":"type-product","3":"status-publish","4":"has-post-thumbnail","6":"product_cat-cosmetics","8":"first","9":"instock","10":"shipping-taxable","11":"purchasable","12":"product-type-variable"},"_links":{"self":[{"href":"https:\/\/tvh.com.tn\/index.php\/wp-json\/wp\/v2\/product\/97","targetHints":{"allow":["GET"]}}],"collection":[{"href":"https:\/\/tvh.com.tn\/index.php\/wp-json\/wp\/v2\/product"}],"about":[{"href":"https:\/\/tvh.com.tn\/index.php\/wp-json\/wp\/v2\/types\/product"}],"wp:featuredmedia":[{"embeddable":true,"href":"https:\/\/tvh.com.tn\/index.php\/wp-json\/wp\/v2\/media\/489"}],"wp:attachment":[{"href":"https:\/\/tvh.com.tn\/index.php\/wp-json\/wp\/v2\/media?parent=97"}],"wp:term":[{"taxonomy":"product_cat","embeddable":true,"href":"https:\/\/tvh.com.tn\/index.php\/wp-json\/wp\/v2\/product_cat?post=97"},{"taxonomy":"product_tag","embeddable":true,"href":"https:\/\/tvh.com.tn\/index.php\/wp-json\/wp\/v2\/product_tag?post=97"}],"curies":[{"name":"wp","href":"https:\/\/api.w.org\/{rel}","templated":true}]}}